{"id":22,"date":"2023-08-24T01:45:05","date_gmt":"2023-08-24T01:45:05","guid":{"rendered":"https:\/\/asociemos.com\/?page_id=22"},"modified":"2025-10-18T02:02:44","modified_gmt":"2025-10-18T02:02:44","slug":"sobre-nosotros","status":"publish","type":"page","link":"https:\/\/asociemos.com\/index.php\/sobre-nosotros\/","title":{"rendered":"Sobre nosotros"},"content":{"rendered":"\t\t<div data-elementor-type=\"wp-page\" data-elementor-id=\"22\" class=\"elementor elementor-22\">\n\t\t\t\t\t\t<section class=\"elementor-section elementor-top-section elementor-element elementor-element-702859a elementor-section-boxed elementor-section-height-default elementor-section-height-default wpr-particle-no wpr-jarallax-no wpr-parallax-no wpr-sticky-section-no wpr-equal-height-no elementor-invisible\" data-id=\"702859a\" data-element_type=\"section\" data-e-type=\"section\" data-settings=\"{&quot;animation&quot;:&quot;fadeInLeft&quot;}\">\n\t\t\t\t\t\t<div class=\"elementor-container elementor-column-gap-default\">\n\t\t\t\t\t<div class=\"elementor-column elementor-col-100 elementor-top-column elementor-element elementor-element-80699a8\" data-id=\"80699a8\" data-element_type=\"column\" data-e-type=\"column\">\n\t\t\t<div class=\"elementor-widget-wrap elementor-element-populated\">\n\t\t\t\t\t\t<div class=\"elementor-element elementor-element-20c1e25 elementor-widget elementor-widget-heading\" data-id=\"20c1e25\" data-element_type=\"widget\" data-e-type=\"widget\" data-widget_type=\"heading.default\">\n\t\t\t\t<div class=\"elementor-widget-container\">\n\t\t\t\t\t<h2 class=\"elementor-heading-title elementor-size-default\">MISI\u00d3N<\/h2>\t\t\t\t<\/div>\n\t\t\t\t<\/div>\n\t\t\t\t<div class=\"elementor-element elementor-element-0ed6f0c elementor-widget elementor-widget-text-editor\" data-id=\"0ed6f0c\" data-element_type=\"widget\" data-e-type=\"widget\" data-widget_type=\"text-editor.default\">\n\t\t\t\t<div class=\"elementor-widget-container\">\n\t\t\t\t\t\t\t\t\t<p>Brindar a nuestros asociados productos y servicios de \u00f3ptima calidad, que les permitan mejorar su nivel de vida y su bienestar, garantiz\u00e1ndole las mejores condiciones de vida, tanto al asociado como a su grupo familiar, mediante el ejercicio coherente de valores y principios cooperativos.<\/p>\t\t\t\t\t\t\t\t<\/div>\n\t\t\t\t<\/div>\n\t\t\t\t\t<\/div>\n\t\t<\/div>\n\t\t\t\t\t<\/div>\n\t\t<\/section>\n\t\t\t\t<section class=\"elementor-section elementor-top-section elementor-element elementor-element-07ec193 elementor-section-boxed elementor-section-height-default elementor-section-height-default wpr-particle-no wpr-jarallax-no wpr-parallax-no wpr-sticky-section-no wpr-equal-height-no elementor-invisible\" data-id=\"07ec193\" data-element_type=\"section\" data-e-type=\"section\" data-settings=\"{&quot;animation&quot;:&quot;fadeInLeft&quot;}\">\n\t\t\t\t\t\t<div class=\"elementor-container elementor-column-gap-default\">\n\t\t\t\t\t<div class=\"elementor-column elementor-col-100 elementor-top-column elementor-element elementor-element-46149cc\" data-id=\"46149cc\" data-element_type=\"column\" data-e-type=\"column\">\n\t\t\t<div class=\"elementor-widget-wrap elementor-element-populated\">\n\t\t\t\t\t\t<div class=\"elementor-element elementor-element-e49e1ac elementor-widget elementor-widget-heading\" data-id=\"e49e1ac\" data-element_type=\"widget\" data-e-type=\"widget\" data-widget_type=\"heading.default\">\n\t\t\t\t<div class=\"elementor-widget-container\">\n\t\t\t\t\t<h2 class=\"elementor-heading-title elementor-size-default\">VISI\u00d3N<\/h2>\t\t\t\t<\/div>\n\t\t\t\t<\/div>\n\t\t\t\t<div class=\"elementor-element elementor-element-9af7e67 elementor-widget elementor-widget-text-editor\" data-id=\"9af7e67\" data-element_type=\"widget\" data-e-type=\"widget\" data-widget_type=\"text-editor.default\">\n\t\t\t\t<div class=\"elementor-widget-container\">\n\t\t\t\t\t\t\t\t\t<p>Nuestros sistemas de gesti\u00f3n, eficiencia, solidez financiera y desarrollo organizacional, nos permitir\u00e1n ser reconocidos en el a\u00f1o 2026, como la mejor opci\u00f3n en el mercado para respaldar la prosperidad de todos nuestros asociados y ser reconocida, como la primera cooperativa multiactiva con presencia en todo el pa\u00eds.<\/p>\t\t\t\t\t\t\t\t<\/div>\n\t\t\t\t<\/div>\n\t\t\t\t\t<\/div>\n\t\t<\/div>\n\t\t\t\t\t<\/div>\n\t\t<\/section>\n\t\t\t\t<section class=\"elementor-section elementor-top-section elementor-element elementor-element-2f445a2 elementor-section-boxed elementor-section-height-default elementor-section-height-default wpr-particle-no wpr-jarallax-no wpr-parallax-no wpr-sticky-section-no wpr-equal-height-no elementor-invisible\" data-id=\"2f445a2\" data-element_type=\"section\" data-e-type=\"section\" data-settings=\"{&quot;animation&quot;:&quot;fadeInLeft&quot;}\">\n\t\t\t\t\t\t<div class=\"elementor-container elementor-column-gap-default\">\n\t\t\t\t\t<div class=\"elementor-column elementor-col-100 elementor-top-column elementor-element elementor-element-dec3765\" data-id=\"dec3765\" data-element_type=\"column\" data-e-type=\"column\">\n\t\t\t<div class=\"elementor-widget-wrap elementor-element-populated\">\n\t\t\t\t\t\t<div class=\"elementor-element elementor-element-2d09e51 elementor-widget elementor-widget-heading\" data-id=\"2d09e51\" data-element_type=\"widget\" data-e-type=\"widget\" data-widget_type=\"heading.default\">\n\t\t\t\t<div class=\"elementor-widget-container\">\n\t\t\t\t\t<h2 class=\"elementor-heading-title elementor-size-default\">POL\u00cdTICA DE CALIDAD<\/h2>\t\t\t\t<\/div>\n\t\t\t\t<\/div>\n\t\t\t\t<div class=\"elementor-element elementor-element-d0997b6 elementor-widget elementor-widget-text-editor\" data-id=\"d0997b6\" data-element_type=\"widget\" data-e-type=\"widget\" data-widget_type=\"text-editor.default\">\n\t\t\t\t<div class=\"elementor-widget-container\">\n\t\t\t\t\t\t\t\t\t<p>En la Cooperativa Asociemos, estamos comprometidos en la construcci\u00f3n de la calidad de vida de nuestros asociados, su n\u00facleo familiar y dem\u00e1s partes interesadas, proporcionando servicios financieros \u00f3ptimos, servicios sociales y de bienestar, desarrollados de manera eficiente, en cuanto a confiabilidad, flexibilidad, econom\u00eda. Identificando los riesgos y oportunidades de crecimiento organizacional; cumpliendo las normas legales y reglamentarias vigentes con un enfoque de servicio orientado a la mejora continua y servicio \u00f3ptimo.<\/p>\t\t\t\t\t\t\t\t<\/div>\n\t\t\t\t<\/div>\n\t\t\t\t\t<\/div>\n\t\t<\/div>\n\t\t\t\t\t<\/div>\n\t\t<\/section>\n\t\t\t\t<section class=\"elementor-section elementor-top-section elementor-element elementor-element-7d49b0b elementor-section-boxed elementor-section-height-default elementor-section-height-default wpr-particle-no wpr-jarallax-no wpr-parallax-no wpr-sticky-section-no wpr-equal-height-no elementor-invisible\" data-id=\"7d49b0b\" data-element_type=\"section\" data-e-type=\"section\" data-settings=\"{&quot;animation&quot;:&quot;fadeInLeft&quot;}\">\n\t\t\t\t\t\t<div class=\"elementor-container elementor-column-gap-default\">\n\t\t\t\t\t<div class=\"elementor-column elementor-col-100 elementor-top-column elementor-element elementor-element-d6f1c2c\" data-id=\"d6f1c2c\" data-element_type=\"column\" data-e-type=\"column\">\n\t\t\t<div class=\"elementor-widget-wrap elementor-element-populated\">\n\t\t\t\t\t\t<div class=\"elementor-element elementor-element-434e580 elementor-widget elementor-widget-heading\" data-id=\"434e580\" data-element_type=\"widget\" data-e-type=\"widget\" data-widget_type=\"heading.default\">\n\t\t\t\t<div class=\"elementor-widget-container\">\n\t\t\t\t\t<h2 class=\"elementor-heading-title elementor-size-default\">\u00bfQUIENES SOMOS?<\/h2>\t\t\t\t<\/div>\n\t\t\t\t<\/div>\n\t\t\t\t<div class=\"elementor-element elementor-element-1318ab5 elementor-widget elementor-widget-text-editor\" data-id=\"1318ab5\" data-element_type=\"widget\" data-e-type=\"widget\" data-widget_type=\"text-editor.default\">\n\t\t\t\t<div class=\"elementor-widget-container\">\n\t\t\t\t\t\t\t\t\t<p>Asociemos es una cooperativa multiactiva con presencia nacional e internacional, que cuenta con cinco (5) deferentes secciones, que nos permitir\u00e1n avanzar hacia el futuro, de la mano de nuestros asociados y ofrecer diferentes servicios, no solo en las siete (7) l\u00edneas de cr\u00e9dito ofrecidas, sino tambi\u00e9n en la asesor\u00eda y acompa\u00f1amiento a los peque\u00f1os y medianos emprendedores y agricultores, para iniciar y llevar sus proyectos a feliz t\u00e9rmino.<\/p>\t\t\t\t\t\t\t\t<\/div>\n\t\t\t\t<\/div>\n\t\t\t\t\t<\/div>\n\t\t<\/div>\n\t\t\t\t\t<\/div>\n\t\t<\/section>\n\t\t\t\t<section class=\"elementor-section elementor-top-section elementor-element elementor-element-7a0c8d9 elementor-section-boxed elementor-section-height-default elementor-section-height-default wpr-particle-no wpr-jarallax-no wpr-parallax-no wpr-sticky-section-no wpr-equal-height-no elementor-invisible\" data-id=\"7a0c8d9\" data-element_type=\"section\" data-e-type=\"section\" data-settings=\"{&quot;animation&quot;:&quot;fadeInLeft&quot;}\">\n\t\t\t\t\t\t<div class=\"elementor-container elementor-column-gap-default\">\n\t\t\t\t\t<div class=\"elementor-column elementor-col-100 elementor-top-column elementor-element elementor-element-082c7df\" data-id=\"082c7df\" data-element_type=\"column\" data-e-type=\"column\">\n\t\t\t<div class=\"elementor-widget-wrap elementor-element-populated\">\n\t\t\t\t\t\t<div class=\"elementor-element elementor-element-a006f39 elementor-widget elementor-widget-heading\" data-id=\"a006f39\" data-element_type=\"widget\" data-e-type=\"widget\" data-widget_type=\"heading.default\">\n\t\t\t\t<div class=\"elementor-widget-container\">\n\t\t\t\t\t<h2 class=\"elementor-heading-title elementor-size-default\">SECCIONES<\/h2>\t\t\t\t<\/div>\n\t\t\t\t<\/div>\n\t\t\t\t<section class=\"elementor-section elementor-inner-section elementor-element elementor-element-3878411 elementor-section-boxed elementor-section-height-default elementor-section-height-default wpr-particle-no wpr-jarallax-no wpr-parallax-no wpr-sticky-section-no wpr-equal-height-no\" data-id=\"3878411\" data-element_type=\"section\" data-e-type=\"section\">\n\t\t\t\t\t\t<div class=\"elementor-container elementor-column-gap-default\">\n\t\t\t\t\t<div class=\"elementor-column elementor-col-100 elementor-inner-column elementor-element elementor-element-e32f4fd\" data-id=\"e32f4fd\" data-element_type=\"column\" data-e-type=\"column\">\n\t\t\t<div class=\"elementor-widget-wrap elementor-element-populated\">\n\t\t\t\t\t\t<div class=\"elementor-element elementor-element-04f82ce elementor-widget__width-initial elementor-widget elementor-widget-text-editor\" data-id=\"04f82ce\" data-element_type=\"widget\" data-e-type=\"widget\" data-widget_type=\"text-editor.default\">\n\t\t\t\t<div class=\"elementor-widget-container\">\n\t\t\t\t\t\t\t\t\t<p><strong>1. Aportes y Cr\u00e9dito:<\/strong> recibir de los asociados, aportes sociales y brindarles, servicios de cr\u00e9dito en diferentes modalidades, procurando que estos sean destinados mayoritariamente a cr\u00e9ditos productivos con el fin de mejorar su calidad de vida<\/p>\t\t\t\t\t\t\t\t<\/div>\n\t\t\t\t<\/div>\n\t\t\t\t\t<\/div>\n\t\t<\/div>\n\t\t\t\t\t<\/div>\n\t\t<\/section>\n\t\t\t\t<section class=\"elementor-section elementor-inner-section elementor-element elementor-element-fd99072 elementor-section-boxed elementor-section-height-default elementor-section-height-default wpr-particle-no wpr-jarallax-no wpr-parallax-no wpr-sticky-section-no wpr-equal-height-no\" data-id=\"fd99072\" data-element_type=\"section\" data-e-type=\"section\">\n\t\t\t\t\t\t<div class=\"elementor-container elementor-column-gap-default\">\n\t\t\t\t\t<div class=\"elementor-column elementor-col-100 elementor-inner-column elementor-element elementor-element-c0a3e10\" data-id=\"c0a3e10\" data-element_type=\"column\" data-e-type=\"column\">\n\t\t\t<div class=\"elementor-widget-wrap elementor-element-populated\">\n\t\t\t\t\t\t<div class=\"elementor-element elementor-element-995e094 elementor-widget__width-initial elementor-widget elementor-widget-text-editor\" data-id=\"995e094\" data-element_type=\"widget\" data-e-type=\"widget\" data-widget_type=\"text-editor.default\">\n\t\t\t\t<div class=\"elementor-widget-container\">\n\t\t\t\t\t\t\t\t\t<p><strong>2. Consumo:<\/strong> Organizar y crear con una infraestructura adecuada, establecimientos de comercio para la producci\u00f3n, compra y venta de bienes y servicios.<\/p>\t\t\t\t\t\t\t\t<\/div>\n\t\t\t\t<\/div>\n\t\t\t\t\t<\/div>\n\t\t<\/div>\n\t\t\t\t\t<\/div>\n\t\t<\/section>\n\t\t\t\t<section class=\"elementor-section elementor-inner-section elementor-element elementor-element-a52be34 elementor-section-boxed elementor-section-height-default elementor-section-height-default wpr-particle-no wpr-jarallax-no wpr-parallax-no wpr-sticky-section-no wpr-equal-height-no\" data-id=\"a52be34\" data-element_type=\"section\" data-e-type=\"section\">\n\t\t\t\t\t\t<div class=\"elementor-container elementor-column-gap-default\">\n\t\t\t\t\t<div class=\"elementor-column elementor-col-100 elementor-inner-column elementor-element elementor-element-1cc922d\" data-id=\"1cc922d\" data-element_type=\"column\" data-e-type=\"column\">\n\t\t\t<div class=\"elementor-widget-wrap elementor-element-populated\">\n\t\t\t\t\t\t<div class=\"elementor-element elementor-element-d90068c elementor-widget__width-initial elementor-widget elementor-widget-text-editor\" data-id=\"d90068c\" data-element_type=\"widget\" data-e-type=\"widget\" data-widget_type=\"text-editor.default\">\n\t\t\t\t<div class=\"elementor-widget-container\">\n\t\t\t\t\t\t\t\t\t<p><strong>3. Apoyo a microempresarios:<\/strong> apoyar t\u00e9cnica y financieramente, los proyectos de creaci\u00f3n de microempresas, donde nuestros asociados sean los due\u00f1os o lideres dentro de los par\u00e1metros legales, con el fin de desarrollar actividades productivas de bienes y\/o servicios para sus asociados.<\/p>\t\t\t\t\t\t\t\t<\/div>\n\t\t\t\t<\/div>\n\t\t\t\t\t<\/div>\n\t\t<\/div>\n\t\t\t\t\t<\/div>\n\t\t<\/section>\n\t\t\t\t<section class=\"elementor-section elementor-inner-section elementor-element elementor-element-34e2436 elementor-section-boxed elementor-section-height-default elementor-section-height-default wpr-particle-no wpr-jarallax-no wpr-parallax-no wpr-sticky-section-no wpr-equal-height-no\" data-id=\"34e2436\" data-element_type=\"section\" data-e-type=\"section\">\n\t\t\t\t\t\t<div class=\"elementor-container elementor-column-gap-default\">\n\t\t\t\t\t<div class=\"elementor-column elementor-col-100 elementor-inner-column elementor-element elementor-element-fd06414\" data-id=\"fd06414\" data-element_type=\"column\" data-e-type=\"column\">\n\t\t\t<div class=\"elementor-widget-wrap elementor-element-populated\">\n\t\t\t\t\t\t<div class=\"elementor-element elementor-element-6776df5 elementor-widget__width-initial elementor-widget elementor-widget-text-editor\" data-id=\"6776df5\" data-element_type=\"widget\" data-e-type=\"widget\" data-widget_type=\"text-editor.default\">\n\t\t\t\t<div class=\"elementor-widget-container\">\n\t\t\t\t\t\t\t\t\t<p><strong>4. Previsi\u00f3n, Salud y Bienestar:<\/strong> establecer y mantener para sus asociados y familiares inscritos, servicios de previsi\u00f3n y seguridad social, salud, solidaridad y recreaci\u00f3n de manera directa o a trav\u00e9s de entidades especializadas y prestar servicios de asistencia t\u00e9cnica con el objeto de que sus usuarios puedan desarrollar actividades productivas.<\/p>\t\t\t\t\t\t\t\t<\/div>\n\t\t\t\t<\/div>\n\t\t\t\t\t<\/div>\n\t\t<\/div>\n\t\t\t\t\t<\/div>\n\t\t<\/section>\n\t\t\t\t<section class=\"elementor-section elementor-inner-section elementor-element elementor-element-a95c366 elementor-section-boxed elementor-section-height-default elementor-section-height-default wpr-particle-no wpr-jarallax-no wpr-parallax-no wpr-sticky-section-no wpr-equal-height-no\" data-id=\"a95c366\" data-element_type=\"section\" data-e-type=\"section\">\n\t\t\t\t\t\t<div class=\"elementor-container elementor-column-gap-default\">\n\t\t\t\t\t<div class=\"elementor-column elementor-col-100 elementor-inner-column elementor-element elementor-element-5f0f814\" data-id=\"5f0f814\" data-element_type=\"column\" data-e-type=\"column\">\n\t\t\t<div class=\"elementor-widget-wrap elementor-element-populated\">\n\t\t\t\t\t\t<div class=\"elementor-element elementor-element-bd04c29 elementor-widget__width-initial elementor-widget elementor-widget-text-editor\" data-id=\"bd04c29\" data-element_type=\"widget\" data-e-type=\"widget\" data-widget_type=\"text-editor.default\">\n\t\t\t\t<div class=\"elementor-widget-container\">\n\t\t\t\t\t\t\t\t\t<p><strong>5. Apoyo al sector Agr\u00edcola:<\/strong> enfocada a apoyar y fortalecer los proyectos agr\u00edcolas, donde el Asociado sea mayoritariamente el propietario o gestor y podr\u00e1 financiar sus proyectos productivos, compra y financiaci\u00f3n de sus cosechas o intervenir en cualquier etapa del proceso, iniciando desde las cosechas, producci\u00f3n, distribuci\u00f3n y comercializaci\u00f3n de los productos que este provea.<\/p>\t\t\t\t\t\t\t\t<\/div>\n\t\t\t\t<\/div>\n\t\t\t\t\t<\/div>\n\t\t<\/div>\n\t\t\t\t\t<\/div>\n\t\t<\/section>\n\t\t\t\t\t<\/div>\n\t\t<\/div>\n\t\t\t\t\t<\/div>\n\t\t<\/section>\n\t\t\t\t<\/div>\n\t\t","protected":false},"excerpt":{"rendered":"<p>MISI\u00d3N Brindar a nuestros asociados productos y servicios de \u00f3ptima calidad, que les permitan mejorar su nivel de vida y su bienestar, garantiz\u00e1ndole las mejores condiciones de vida, tanto al asociado como a su grupo familiar, mediante el ejercicio coherente de valores y principios cooperativos. VISI\u00d3N Nuestros sistemas de gesti\u00f3n, eficiencia, solidez financiera y desarrollo organizacional, nos permitir\u00e1n ser reconocidos en el a\u00f1o 2026, como la mejor opci\u00f3n en el mercado para respaldar la prosperidad de todos nuestros asociados y ser reconocida, como la primera cooperativa multiactiva con presencia en todo el pa\u00eds. POL\u00cdTICA DE CALIDAD En la Cooperativa Asociemos, estamos comprometidos en la construcci\u00f3n de la calidad de vida de nuestros asociados, su n\u00facleo familiar y dem\u00e1s partes interesadas, proporcionando servicios financieros \u00f3ptimos, servicios sociales y de bienestar, desarrollados de manera eficiente, en cuanto a confiabilidad, flexibilidad, econom\u00eda. Identificando los riesgos y oportunidades de crecimiento organizacional; cumpliendo las normas legales y reglamentarias vigentes con un enfoque de servicio orientado a la mejora continua y servicio \u00f3ptimo. \u00bfQUIENES SOMOS? Asociemos es una cooperativa multiactiva con presencia nacional e internacional, que cuenta con cinco (5) deferentes secciones, que nos permitir\u00e1n avanzar hacia el futuro, de la mano de nuestros asociados y ofrecer diferentes servicios, no solo en las siete (7) l\u00edneas de cr\u00e9dito ofrecidas, sino tambi\u00e9n en la asesor\u00eda y acompa\u00f1amiento a los peque\u00f1os y medianos emprendedores y agricultores, para iniciar y llevar sus proyectos a feliz t\u00e9rmino. SECCIONES 1. Aportes y Cr\u00e9dito: recibir de los asociados, aportes sociales y brindarles, servicios de cr\u00e9dito en diferentes modalidades, procurando que estos sean destinados mayoritariamente a cr\u00e9ditos productivos con el fin de mejorar su calidad de vida 2. Consumo: Organizar y crear con una infraestructura adecuada, establecimientos de comercio para la producci\u00f3n, compra y venta de bienes y servicios. 3. Apoyo a microempresarios: apoyar t\u00e9cnica y financieramente, los proyectos de creaci\u00f3n de microempresas, donde nuestros asociados sean los due\u00f1os o lideres dentro de los par\u00e1metros legales, con el fin de desarrollar actividades productivas de bienes y\/o servicios para sus asociados. 4. Previsi\u00f3n, Salud y Bienestar: establecer y mantener para sus asociados y familiares inscritos, servicios de previsi\u00f3n y seguridad social, salud, solidaridad y recreaci\u00f3n de manera directa o a trav\u00e9s de entidades especializadas y prestar servicios de asistencia t\u00e9cnica con el objeto de que sus usuarios puedan desarrollar actividades productivas. 5. Apoyo al sector Agr\u00edcola: enfocada a apoyar y fortalecer los proyectos agr\u00edcolas, donde el Asociado sea mayoritariamente el propietario o gestor y podr\u00e1 financiar sus proyectos productivos, compra y financiaci\u00f3n de sus cosechas o intervenir en cualquier etapa del proceso, iniciando desde las cosechas, producci\u00f3n, distribuci\u00f3n y comercializaci\u00f3n de los productos que este provea.<\/p>\n","protected":false},"author":1,"featured_media":0,"parent":0,"menu_order":0,"comment_status":"closed","ping_status":"closed","template":"","meta":{"footnotes":""},"class_list":["post-22","page","type-page","status-publish","hentry","entry"],"_hostinger_reach_plugin_has_subscription_block":false,"_hostinger_reach_plugin_is_elementor":false,"_links":{"self":[{"href":"https:\/\/asociemos.com\/index.php\/wp-json\/wp\/v2\/pages\/22","targetHints":{"allow":["GET"]}}],"collection":[{"href":"https:\/\/asociemos.com\/index.php\/wp-json\/wp\/v2\/pages"}],"about":[{"href":"https:\/\/asociemos.com\/index.php\/wp-json\/wp\/v2\/types\/page"}],"author":[{"embeddable":true,"href":"https:\/\/asociemos.com\/index.php\/wp-json\/wp\/v2\/users\/1"}],"replies":[{"embeddable":true,"href":"https:\/\/asociemos.com\/index.php\/wp-json\/wp\/v2\/comments?post=22"}],"version-history":[{"count":52,"href":"https:\/\/asociemos.com\/index.php\/wp-json\/wp\/v2\/pages\/22\/revisions"}],"predecessor-version":[{"id":1228,"href":"https:\/\/asociemos.com\/index.php\/wp-json\/wp\/v2\/pages\/22\/revisions\/1228"}],"wp:attachment":[{"href":"https:\/\/asociemos.com\/index.php\/wp-json\/wp\/v2\/media?parent=22"}],"curies":[{"name":"wp","href":"https:\/\/api.w.org\/{rel}","templated":true}]}}